{"id":485,"date":"2018-04-10T15:50:16","date_gmt":"2018-04-10T13:50:16","guid":{"rendered":"https:\/\/www.zen-malerei.de\/?page_id=485"},"modified":"2020-09-19T17:53:19","modified_gmt":"2020-09-19T15:53:19","slug":"datenschutzerklaerung","status":"publish","type":"page","link":"https:\/\/www.zen-malerei.de\/en\/datenschutzerklaerung\/","title":{"rendered":"Data protection"},"content":{"rendered":"<p><span id=\"result_box\" class=\"\" lang=\"en\"><span title=\"Die Nutzung unserer Seite ist ohne eine Angabe von personenbezogenen Daten m\u00f6glich.\">The use of our site is possible without an indication of personal data. <\/span><span title=\"F\u00fcr die Nutzung einzelner Services unserer Seite k\u00f6nnen sich hierf\u00fcr abweichende Regelungen ergeben, die in diesem Falle nachstehend gesondert erl\u00e4utert werden.\">Different regulations may apply to the use of individual services on our site, which will be explained separately in this case below. <\/span><span title=\"Ihre personenbezogenen Daten (z.B. Name, Anschrift, E-Mail, Telefonnummer, u.\u00e4.) werden von uns nur gem\u00e4\u00df den Bestimmungen des deutschen Datenschutzrechts verarbeitet.\">Your personal data (for example, name, address, e-mail, telephone number, etc.) will only be processed by us in accordance with the provisions of German data protection law. <\/span><span title=\"Daten sind dann personenbezogen, wenn sie eindeutig einer bestimmten nat\u00fcrlichen Person zugeordnet werden k\u00f6nnen.\">Data is personal if it can be clearly assigned to a specific natural person. <\/span><span title=\"Die rechtlichen Grundlagen des Datenschutzes finden Sie im Bundesdatenschutzgesetz (BDSG) und dem Telemediengesetz (TMG).\">The legal basis for data protection can be found in the Federal Data Protection Act (BDSG) and the Telemedia Act (TMG). <\/span><span title=\"Nachstehende Regelungen informieren Sie insoweit \u00fcber die Art, den Umfang und Zweck der Erhebung, die Nutzung und die Verarbeitung von personenbezogenen Daten durch den Anbieter \">The following regulations inform you in this respect about the type, scope and purpose of the collection, use and processing of personal data by the provider<\/span><\/span><\/p>\n<p><strong><span title=\"Tao Chan Zentrum e.V., Adelheidstr.\">Tao Chan Center e.V., Adelheidstr. <\/span><span title=\"37, 65185 Wiesbaden \">37, 65185 Wiesbaden<\/span><\/strong><\/p>\n<p><span title=\"Telefon +49 (0) 611- 940 62 31 \">Telephone +49 (0) 611- 940 62 31<\/span><\/p>\n<p><span title=\"info@zen-malerei.de \"><strong>info@zen-malerei.de<\/strong><\/span><\/p>\n<p><span title=\"Wir weisen darauf hin, dass die internetbasierte Daten\u00fcbertragung Sicherheitsl\u00fccken aufweist, ein l\u00fcckenloser Schutz vor Zugriffen durch Dritte somit unm\u00f6glich ist. \">We point out that the internet-based data transmission has security gaps, a complete protection against access by third parties is thus impossible.<\/span><\/p>\n<h2><span id=\"result_box\" class=\"\" lang=\"en\"><span title=\"Cookies \">cookies<\/span><\/span><\/h2>\n<p><span id=\"result_box\" class=\"\" lang=\"en\"><span title=\"Wir verwenden auf unserer Seite sog. Cookies zum Wiedererkennen mehrfacher Nutzung unseres Angebots, durch denselben Nutzer\/Internetanschlussinhaber.\">We use on our site so-called cookies to recognize multiple uses of our offer, by the same user \/ Internet access holder. <\/span><span title=\"Cookies sind kleine Textdateien, die Ihr Internet-Browser auf Ihrem Rechner ablegt und speichert.\">Cookies are small text files that your Internet browser stores and saves on your computer. <\/span><span title=\"Sie dienen dazu, unseren Internetauftritt und unsere Angebote zu optimieren.\">They serve to optimize our website and our offers. <\/span><span title=\"Es handelt sich dabei zumeist um sog. &quot;Session-Cookies&quot;, die nach dem Ende Ihres Besuches wieder gel\u00f6scht werden. \">These are mostly so-called &#8220;session cookies&#8221;, which are deleted after the end of your visit.<br \/>\n<\/span><span title=\"Teilweise geben diese Cookies jedoch Informationen ab, um Sie automatisch wieder zu erkennen.\">However, these cookies sometimes provide information to automatically recognize you. <\/span><span title=\"Diese Wiedererkennung erfolgt aufgrund der in den Cookies gespeicherten IP-Adresse.\">This recognition is based on the IP address stored in the cookies. <\/span><span title=\"Die so erlangten Informationen dienen dazu, unsere Angebote zu optimieren und Ihnen einen leichteren Zugang auf unsere Seite zu erm\u00f6glichen. \">The information obtained in this way serves to optimize our offers and to give you easier access to our site.<br \/>\n<\/span><span title=\"Sie k\u00f6nnen die Installation der Cookies durch eine entsprechende Einstellung Ihres Browsers verhindern;\">You can prevent the installation of cookies by setting your browser accordingly; <\/span><span title=\"wir weisen Sie jedoch darauf hin, dass Sie in diesem Fall gegebenenfalls nicht s\u00e4mtliche Funktionen unserer Website vollumf\u00e4nglich nutzen k\u00f6nnen. \">however, we point out that in this case you may not be able to fully use all functions of our website.<\/span><\/span><\/p>\n<h2><span id=\"result_box\" class=\"\" lang=\"en\"><span title=\"Kontaktm\u00f6glichkeit \">possible <\/span><\/span><span id=\"result_box\" class=\"\" lang=\"en\"><span title=\"Kontaktm\u00f6glichkeit \">contacts<\/span><\/span><\/h2>\n<p><span id=\"result_box\" class=\"\" lang=\"en\"><span title=\"Wir bieten Ihnen auf unserer Seite die M\u00f6glichkeit, mit uns per E-Mail und\/oder \u00fcber ein Kontaktformular in Verbindung zu treten.\">We offer you the opportunity to contact us by e-mail and \/ or via a contact form. <\/span><span title=\"In diesem Fall werden die vom Nutzer gemachten Angaben zum Zwecke der Bearbeitung seiner Kontaktaufnahme gespeichert.\">In this case, the information provided by the user will be stored for the purpose of processing his contact. <\/span><span title=\"Eine Weitergabe an Dritte erfolgt nicht.\">A passing on to third does not take place. <\/span><span title=\"Ein Abgleich der so erhobenen Daten mit Daten, die m\u00f6glicherweise durch andere Komponenten unserer Seite erhoben werden, erfolgt ebenfalls nicht. \">A comparison of the data collected with data, which may be collected by other components of our site, is also not done.<\/span><\/span><\/p>\n<h2><span id=\"result_box\" class=\"\" lang=\"en\"><span title=\"Einsatz von Google-Analytics mit Anonymisierungsfunktion \">Use of Google Analytics with anonymization function<\/span><\/span><\/h2>\n<p><span id=\"result_box\" class=\"\" lang=\"en\"><span title=\"Einsatz von Google-Analytics mit Anonymisierungsfunktion \"><br \/>\n<\/span><span title=\"Wir setzen auf unserer Seite Google-Analytics, einen Webanalysedienst der Firma Google Inc., 1600 Amphitheatre Parkway, Mountain View, CA 94043 USA, nachfolgend \u201eGoogle\u201c ein.\">We use Google Analytics, a web analytics service provided by Google Inc., 1600 Amphitheater Parkway, Mountain View, CA 94043 USA, hereafter &#8220;Google&#8221;. <\/span><span title=\"Google-Analytics verwendet sog. \u201eCookies\u201c, Textdateien, die auf Ihrem Computer gespeichert werden und hierdurch eine Analyse der Benutzung der Website durch Sie erm\u00f6glichen. \">Google Analytics uses so-called &#8220;cookies&#8221;, text files that are stored on your computer and thereby allow an analysis of the use of the website by you.<\/span><\/span><\/p>\n<p><span title=\"Die durch diese Cookies erzeugten Informationen, beispielsweise Zeit, Ort und H\u00e4ufigkeit Ihres Webseiten-Besuchs einschlie\u00dflich Ihrer IP-Adresse, werden an Google in den USA \u00fcbertragen und dort gespeichert. \">The information generated by these cookies, such as the time, location and frequency of your website visit, including your IP address, is transmitted to Google in the United States and stored there.<\/span><\/p>\n<p><span title=\"Wir verwenden auf unserer Website Google-Analytics mit einer IP-Anonymisierungsfunktion.\">We use Google Analytics on our website with an IP anonymization feature. <\/span><span title=\"Ihre IP-Adresse wird in diesem Fall von Google schon innerhalb von Mitgliedstaaten der Europ\u00e4ischen Union oder in anderen Vertragsstaaten des Abkommens \u00fcber den Europ\u00e4ischen Wirtschaftsraum gek\u00fcrzt und dadurch anonymisiert. \">In this case, your IP address will already be shortened and thus anonymised by Google within member states of the European Union or in other contracting states of the Agreement on the European Economic Area.<\/span><\/p>\n<p><span title=\"Google wird diese Informationen benutzen, um Ihre Nutzung unserer Seite auszuwerten, um Reports \u00fcber die Websiteaktivit\u00e4ten f\u00fcr uns zusammenzustellen und um weitere mit der Websitenutzung und der Internetnutzung verbundene Dienstleistungen zu erbringen.\">Google will use this information to evaluate your use of our site, to compile reports on our website activity, and to provide other services related to website activity and internet usage. <\/span><span title=\"Auch wird Google diese Informationen gegebenenfalls an Dritte \u00fcbertragen, sofern dies gesetzlich vorgeschrieben oder soweit Dritte diese Daten im Auftrag von Google verarbeiten. \">Google may also transfer this information to third parties if required by law or as far as third parties process this data on behalf of Google.<\/span><\/p>\n<p><span title=\"Google wird, nach eigenen Angaben, in keinem Fall Ihre IP-Adresse mit anderen Daten von Google in Verbindung bringen.\">Google does not claim to link your IP address to any other data provided by Google. <\/span><span title=\"Sie k\u00f6nnen die Installation der Cookies durch eine entsprechende Einstellung Ihrer Browser-Software verhindern;\">You can prevent the installation of cookies by setting your browser software accordingly; <\/span><span title=\"wir weisen Sie jedoch darauf hin, dass Sie in diesem Fall gegebenenfalls nicht s\u00e4mtliche Funktionen unserer Website vollumf\u00e4nglich nutzen k\u00f6nnen. \">however, we point out that in this case you may not be able to fully use all functions of our website.<\/span><\/p>\n<p><span title=\"Des Weiteren bietet Google f\u00fcr die g\u00e4ngigsten Browser eine Deaktivierungsoption an, welche Ihnen mehr Kontrolle dar\u00fcber gibt, welche Daten von Google erfasst und verarbeitet werden.\">In addition, Google offers a deactivation option for the most popular browsers, giving you more control over what data Google collects and processes. <\/span><span title=\"Sollte Sie diese Option aktivieren, werden keine Informationen zum Website-Besuch an Google Analytics \u00fcbermittelt.\">If you enable this option, website visit information will not be sent to Google Analytics. <\/span><span title=\"Die Aktivierung verhindert aber nicht, dass Informationen an uns oder an andere von uns gegebenenfalls eingesetzte Webanalyse-Services \u00fcbermittelt werden.\">Activation does not prevent information from being transmitted to us or any other web analytics services we may use. <\/span><span title=\"Weitere Informationen zu der von Google bereitgestellten Deaktivierungsoption sowie zu der Aktivierung dieser Option, erhalten Sie \u00fcber nachfolgenden Link: https:\/\/tools.google.com\/dlpage\/gaoptout?hl=de \">For more information about Google&#8217;s opt-out option and to enable this option, please visit the following link: https:\/\/tools.google.com\/dlpage\/gaoptout?hl=en<\/span><\/p>\n<h2><span id=\"result_box\" class=\"\" lang=\"en\"><span title=\"Einsatz von Pinterest \">Use of Pinterest<\/span><\/span><\/h2>\n<p><span id=\"result_box\" class=\"\" lang=\"en\" tabindex=\"-1\"><span title=\"Wir setzen auf unserer Website den Dienst pinterest.com ein.\">We use the service pinterest.com on our website. <\/span><span title=\"Pinterest.com ist ein Service der Pinterest, Inc., 808 Brannan St, San Francisco, CA 94103, USA.\">Pinterest.com is a service of Pinterest, Inc., 808 Brannan St, San Francisco, CA 94103, USA. <\/span><span title=\"Durch den eingebundenen \u201ePin it\u201c-Button auf unsere Seite erh\u00e4lt Pinterest die Information, dass Sie die entsprechende Seite unseres Internetauftritts aufgerufen haben.\">Through the integrated &#8220;pin it&#8221; button on our site Pinterest receives the information that you have accessed the corresponding page of our website. <\/span><span title=\"Sind Sie bei Pinterest eingeloggt, kann Pinterest diesen Besuch auf unserer Seite Ihrem Pinterest-Konto zuordnen und die Daten somit verkn\u00fcpfen.\">If you are logged in to Pinterest, Pinterest can assign this visit on our site to your Pinterest account and thus link the data. <\/span><span title=\"Die durch Anklicken des \u201ePin it\u201c-Buttons \u00fcbermittelten Daten werden von Pinterest gespeichert.\">The data transmitted by clicking on the &#8220;Pin it&#8221; button will be saved by Pinterest. <\/span><span title=\"Zu Zweck und Umfang der Datenerhebung, deren Verarbeitung und Nutzung sowie Ihren diesbez\u00fcglichen Rechten und Einstellungsm\u00f6glichkeiten zum Schutz Ihrer Privatsph\u00e4re erhalten Sie weitere Informationen in den Pinterest -Datenschutzhinweisen, die Sie \u00fcber http:\/\/pinterest.com\/about\/privacy\/ abrufen k\u00f6nnen. \">For more information about the purpose and scope of the collection, processing, use, privileges, and privacy settings, see the Pinterest Privacy Policy, which is available at http:\/\/pinterest.com\/about\/privacy\/.<\/span><\/span><\/p>\n<p><span title=\"Um zu verhindern, dass Pinterest den Besuch unserer Seite Ihrem Pinterest-Konto zuordnen kann, m\u00fcssen Sie sich vor dem Besuch unserer Seite von Ihrem Pinterest-Account abmelden. \">To prevent Pinterest from associating your visit to our Pinterest account, you must log out of your Pinterest account before visiting our site.<\/span><\/p>\n<h2><span id=\"result_box\" class=\"\" lang=\"en\" tabindex=\"-1\"><span title=\"Auskunft\/Widerruf\/L\u00f6schung \">Information \/ revocation \/ cancellation<\/span><\/span><\/h2>\n<p><span id=\"result_box\" class=\"\" lang=\"en\" tabindex=\"-1\"><span title=\"Sie k\u00f6nnen sich aufgrund des Bundesdatenschutzgesetzes bei Fragen zur Erhebung, Verarbeitung oder Nutzung Ihrer personenbezogenen Daten und deren Berichtigung, Sperrung, L\u00f6schung oder einem Widerruf einer erteilten Einwilligung unentgeltlich an uns wenden.\">On the basis of the Federal Data Protection Act you can contact us free of charge with questions regarding the collection, processing or use of your personal data and their correction, blocking, deletion or revocation of a given consent. <\/span><span title=\"Wir weisen darauf hin, dass Ihnen ein Recht auf Berichtigung falscher Daten oder L\u00f6schung personenbezogener Daten zusteht, sollte diesem Anspruch keine gesetzliche Aufbewahrungspflicht entgegenstehen.\">We point out that you are entitled to a correction of incorrect data or deletion of personal data should this claim not be prevented by a statutory retention obligation.<\/span><\/span><\/p>","protected":false},"excerpt":{"rendered":"<p>The use of our site is possible without an indication of personal data. Different regulations may apply to the use of individual services on our site, which will be explained separately in this case below. Your personal data (for example, name, address, e-mail, telephone number, etc.) will only be processed by us in accordance with &hellip; <a href=\"https:\/\/www.zen-malerei.de\/en\/datenschutzerklaerung\/\" class=\"more-link\">Continue reading <span class=\"screen-reader-text\">Data protection<\/span><\/a><\/p>\n","protected":false},"author":1,"featured_media":0,"parent":0,"menu_order":0,"comment_status":"closed","ping_status":"closed","template":"","meta":{"footnotes":""},"class_list":["post-485","page","type-page","status-publish","hentry"],"_links":{"self":[{"href":"https:\/\/www.zen-malerei.de\/en\/wp-json\/wp\/v2\/pages\/485","targetHints":{"allow":["GET"]}}],"collection":[{"href":"https:\/\/www.zen-malerei.de\/en\/wp-json\/wp\/v2\/pages"}],"about":[{"href":"https:\/\/www.zen-malerei.de\/en\/wp-json\/wp\/v2\/types\/page"}],"author":[{"embeddable":true,"href":"https:\/\/www.zen-malerei.de\/en\/wp-json\/wp\/v2\/users\/1"}],"replies":[{"embeddable":true,"href":"https:\/\/www.zen-malerei.de\/en\/wp-json\/wp\/v2\/comments?post=485"}],"version-history":[{"count":5,"href":"https:\/\/www.zen-malerei.de\/en\/wp-json\/wp\/v2\/pages\/485\/revisions"}],"predecessor-version":[{"id":846,"href":"https:\/\/www.zen-malerei.de\/en\/wp-json\/wp\/v2\/pages\/485\/revisions\/846"}],"wp:attachment":[{"href":"https:\/\/www.zen-malerei.de\/en\/wp-json\/wp\/v2\/media?parent=485"}],"curies":[{"name":"wp","href":"https:\/\/api.w.org\/{rel}","templated":true}]}}