{"id":789,"date":"2019-12-31T16:20:05","date_gmt":"2019-12-31T15:20:05","guid":{"rendered":"https:\/\/www.zen-malerei.de\/?page_id=789"},"modified":"2024-03-13T14:33:24","modified_gmt":"2024-03-13T13:33:24","slug":"kunstkarten","status":"publish","type":"page","link":"https:\/\/www.zen-malerei.de\/de\/kunstkarten\/","title":{"rendered":"Kunstkarten"},"content":{"rendered":"<p>Kunstkarten mit Gem\u00e4lden von Zen-Meister Zensho W. Kopp.<\/p>\n<p>Die Karten sind 12,7 x 17,8 cm gro\u00df und werden auf digitalen Offset-Druckern mit 100 lb.-Papiermaterial hergestellt. Jede Karte ist auf der Au\u00dfenseite mit einem UV-Schutz versehen, der ein seidenmattes Finish erzeugt. Das Innere jeder Karte ist mattwei\u00df und kann mit einer eigenen Nachricht mit bis zu 500 Zeichen L\u00e4nge angepasst werden.<\/p>\n<p>&nbsp;<\/p>\n<figure id=\"attachment_795\" aria-describedby=\"caption-attachment-795\" style=\"width: 214px\" class=\"wp-caption alignnone\"><a href=\"https:\/\/www.tao-chan.de\/webshop\/de\/kunstkarten\/65-ananda-gottliche-liebe-fineartamerica.html\"><img loading=\"lazy\" decoding=\"async\" class=\"wp-image-795 size-medium\" src=\"https:\/\/www.zen-malerei.de\/wp-content\/uploads\/2019\/12\/ananda-divine-love-zensho-kopp-214x300.jpg\" alt=\"Kunstkarte\" width=\"214\" height=\"300\" srcset=\"https:\/\/www.zen-malerei.de\/wp-content\/uploads\/2019\/12\/ananda-divine-love-zensho-kopp-214x300.jpg 214w, https:\/\/www.zen-malerei.de\/wp-content\/uploads\/2019\/12\/ananda-divine-love-zensho-kopp.jpg 500w\" sizes=\"auto, (max-width: 214px) 100vw, 214px\" \/><\/a><figcaption id=\"caption-attachment-795\" class=\"wp-caption-text\">Ananda Divine Love<\/figcaption><\/figure>\n<p><a href=\"https:\/\/www.tao-chan.de\/webshop\/de\/kunstkarten\/65-ananda-gottliche-liebe-fineartamerica.html\">Kunstkarte &#8222;Ananda Divine Love&#8220; bestellen<\/a><\/p>\n<figure id=\"attachment_797\" aria-describedby=\"caption-attachment-797\" style=\"width: 214px\" class=\"wp-caption alignnone\"><a href=\"https:\/\/www.tao-chan.de\/webshop\/de\/kunstkarten\/73-meditation-fineartamerica.html\"><img loading=\"lazy\" decoding=\"async\" class=\"wp-image-797 size-medium\" src=\"https:\/\/www.zen-malerei.de\/wp-content\/uploads\/2019\/12\/meditation-zensho-kopp-214x300.jpg\" alt=\"Kunstkarte\" width=\"214\" height=\"300\" srcset=\"https:\/\/www.zen-malerei.de\/wp-content\/uploads\/2019\/12\/meditation-zensho-kopp-214x300.jpg 214w, https:\/\/www.zen-malerei.de\/wp-content\/uploads\/2019\/12\/meditation-zensho-kopp.jpg 500w\" sizes=\"auto, (max-width: 214px) 100vw, 214px\" \/><\/a><figcaption id=\"caption-attachment-797\" class=\"wp-caption-text\">Meditation<\/figcaption><\/figure>\n<p><a href=\"https:\/\/www.tao-chan.de\/webshop\/de\/kunstkarten\/73-meditation-fineartamerica.html\">Kunstkarte &#8222;Meditation&#8220; bestellen<\/a><\/p>\n<figure id=\"attachment_799\" aria-describedby=\"caption-attachment-799\" style=\"width: 214px\" class=\"wp-caption alignnone\"><a href=\"https:\/\/www.tao-chan.de\/webshop\/de\/kunstkarten\/137-mystische-stille-fineartamerica.html\"><img loading=\"lazy\" decoding=\"async\" class=\"wp-image-799 size-medium\" src=\"https:\/\/www.zen-malerei.de\/wp-content\/uploads\/2019\/12\/mystical-silence-zensho-kopp-214x300.jpg\" alt=\"Kunstkarte\" width=\"214\" height=\"300\" srcset=\"https:\/\/www.zen-malerei.de\/wp-content\/uploads\/2019\/12\/mystical-silence-zensho-kopp-214x300.jpg 214w, https:\/\/www.zen-malerei.de\/wp-content\/uploads\/2019\/12\/mystical-silence-zensho-kopp.jpg 500w\" sizes=\"auto, (max-width: 214px) 100vw, 214px\" \/><\/a><figcaption id=\"caption-attachment-799\" class=\"wp-caption-text\">Mystical Silence<\/figcaption><\/figure>\n<p><a href=\"https:\/\/www.tao-chan.de\/webshop\/de\/kunstkarten\/137-mystische-stille-fineartamerica.html\">Kunstkarte &#8222;Mystical Silence&#8220; bestellen<\/a><\/p>\n<figure id=\"attachment_801\" aria-describedby=\"caption-attachment-801\" style=\"width: 214px\" class=\"wp-caption alignnone\"><a href=\"https:\/\/www.tao-chan.de\/webshop\/de\/kunstkarten\/128-kosmische-meditation-fineartamerica.html\"><img loading=\"lazy\" decoding=\"async\" class=\"wp-image-801 size-medium\" src=\"https:\/\/www.zen-malerei.de\/wp-content\/uploads\/2019\/12\/cosmic-meditation-zensho-kopp-214x300.jpg\" alt=\"Kunstkarte\" width=\"214\" height=\"300\" srcset=\"https:\/\/www.zen-malerei.de\/wp-content\/uploads\/2019\/12\/cosmic-meditation-zensho-kopp-214x300.jpg 214w, https:\/\/www.zen-malerei.de\/wp-content\/uploads\/2019\/12\/cosmic-meditation-zensho-kopp.jpg 500w\" sizes=\"auto, (max-width: 214px) 100vw, 214px\" \/><\/a><figcaption id=\"caption-attachment-801\" class=\"wp-caption-text\">Cosmic Meditation<\/figcaption><\/figure>\n<p><a href=\"https:\/\/www.tao-chan.de\/webshop\/de\/kunstkarten\/128-kosmische-meditation-fineartamerica.html\">Kunstkarte &#8222;Cosmic Meditation&#8220; bestellen<\/a><\/p>\n<figure id=\"attachment_806\" aria-describedby=\"caption-attachment-806\" style=\"width: 300px\" class=\"wp-caption alignnone\"><a href=\"https:\/\/www.tao-chan.de\/webshop\/de\/kunstkarten\/41-der-verborgene-geist-des-zen-fineartamerica.html\"><img loading=\"lazy\" decoding=\"async\" class=\"wp-image-806 size-medium\" src=\"https:\/\/www.zen-malerei.de\/wp-content\/uploads\/2020\/01\/the-hidden-mind-of-zen-zensho-kopp-300x214.jpg\" alt=\"Kunstkarte\" width=\"300\" height=\"214\" srcset=\"https:\/\/www.zen-malerei.de\/wp-content\/uploads\/2020\/01\/the-hidden-mind-of-zen-zensho-kopp-300x214.jpg 300w, https:\/\/www.zen-malerei.de\/wp-content\/uploads\/2020\/01\/the-hidden-mind-of-zen-zensho-kopp-500x357.jpg 500w, https:\/\/www.zen-malerei.de\/wp-content\/uploads\/2020\/01\/the-hidden-mind-of-zen-zensho-kopp.jpg 700w\" sizes=\"auto, (max-width: 300px) 100vw, 300px\" \/><\/a><figcaption id=\"caption-attachment-806\" class=\"wp-caption-text\">The Hidden Mind Of Zen<\/figcaption><\/figure>\n<p><a href=\"https:\/\/www.tao-chan.de\/webshop\/de\/kunstkarten\/41-der-verborgene-geist-des-zen-fineartamerica.html\">Kunstkarte &#8222;The Hidden Mind Of Zen&#8220; bestellen<\/a><\/p>\n<figure id=\"attachment_807\" aria-describedby=\"caption-attachment-807\" style=\"width: 300px\" class=\"wp-caption alignnone\"><a href=\"https:\/\/www.tao-chan.de\/webshop\/de\/kunstkarten\/67-das-strahlende-dharmakaya-licht-fineartamerica.html\"><img loading=\"lazy\" decoding=\"async\" class=\"wp-image-807 size-medium\" src=\"https:\/\/www.zen-malerei.de\/wp-content\/uploads\/2020\/01\/the-radiating-dharmakaya-light-zensho-kopp-300x214.jpg\" alt=\"Kunstkarte\" width=\"300\" height=\"214\" srcset=\"https:\/\/www.zen-malerei.de\/wp-content\/uploads\/2020\/01\/the-radiating-dharmakaya-light-zensho-kopp-300x214.jpg 300w, https:\/\/www.zen-malerei.de\/wp-content\/uploads\/2020\/01\/the-radiating-dharmakaya-light-zensho-kopp-500x357.jpg 500w, https:\/\/www.zen-malerei.de\/wp-content\/uploads\/2020\/01\/the-radiating-dharmakaya-light-zensho-kopp.jpg 700w\" sizes=\"auto, (max-width: 300px) 100vw, 300px\" \/><\/a><figcaption id=\"caption-attachment-807\" class=\"wp-caption-text\">The Radiating Dharmakaya Light<\/figcaption><\/figure>\n<p><a href=\"https:\/\/www.tao-chan.de\/webshop\/de\/kunstkarten\/67-das-strahlende-dharmakaya-licht-fineartamerica.html\">Kunstkarte &#8222;The Radiating Dharmakaya Light&#8220; bestellen<\/a><\/p>\n<figure id=\"attachment_808\" aria-describedby=\"caption-attachment-808\" style=\"width: 300px\" class=\"wp-caption alignnone\"><a href=\"https:\/\/www.tao-chan.de\/webshop\/de\/kunstkarten\/90-der-aufstieg-des-inneren-lichts-fineartamerica.html\"><img loading=\"lazy\" decoding=\"async\" class=\"wp-image-808 size-medium\" src=\"https:\/\/www.zen-malerei.de\/wp-content\/uploads\/2020\/01\/ascent-of-the-inner-light-zensho-kopp-300x214.jpg\" alt=\"Kunstkarte\" width=\"300\" height=\"214\" srcset=\"https:\/\/www.zen-malerei.de\/wp-content\/uploads\/2020\/01\/ascent-of-the-inner-light-zensho-kopp-300x214.jpg 300w, https:\/\/www.zen-malerei.de\/wp-content\/uploads\/2020\/01\/ascent-of-the-inner-light-zensho-kopp-500x357.jpg 500w, https:\/\/www.zen-malerei.de\/wp-content\/uploads\/2020\/01\/ascent-of-the-inner-light-zensho-kopp.jpg 700w\" sizes=\"auto, (max-width: 300px) 100vw, 300px\" \/><\/a><figcaption id=\"caption-attachment-808\" class=\"wp-caption-text\">Ascent Of The Inner Light<\/figcaption><\/figure>\n<p><a href=\"https:\/\/www.tao-chan.de\/webshop\/de\/kunstkarten\/90-der-aufstieg-des-inneren-lichts-fineartamerica.html\">Kunstkarte &#8222;Ascent Of The Inner Light&#8220; bestellen<\/a><\/p>\n<figure id=\"attachment_809\" aria-describedby=\"caption-attachment-809\" style=\"width: 214px\" class=\"wp-caption alignnone\"><a href=\"https:\/\/www.tao-chan.de\/webshop\/de\/kunstkarten\/96-brucke-zum-licht-fineartamerica.html\"><img loading=\"lazy\" decoding=\"async\" class=\"wp-image-809 size-medium\" src=\"https:\/\/www.zen-malerei.de\/wp-content\/uploads\/2020\/01\/bridge-to-the-light-zensho-kopp-214x300.jpg\" alt=\"Kunstkarte\" width=\"214\" height=\"300\" srcset=\"https:\/\/www.zen-malerei.de\/wp-content\/uploads\/2020\/01\/bridge-to-the-light-zensho-kopp-214x300.jpg 214w, https:\/\/www.zen-malerei.de\/wp-content\/uploads\/2020\/01\/bridge-to-the-light-zensho-kopp.jpg 500w\" sizes=\"auto, (max-width: 214px) 100vw, 214px\" \/><\/a><figcaption id=\"caption-attachment-809\" class=\"wp-caption-text\">Bridge To The Light<\/figcaption><\/figure>\n<p><a href=\"https:\/\/www.tao-chan.de\/webshop\/de\/kunstkarten\/96-brucke-zum-licht-fineartamerica.html\">Kunstkarte &#8222;Bridge To The Light&#8220; bestellen<\/a><\/p>\n<figure id=\"attachment_810\" aria-describedby=\"caption-attachment-810\" style=\"width: 214px\" class=\"wp-caption alignnone\"><a href=\"https:\/\/www.tao-chan.de\/webshop\/de\/kunstkarten\/104-kosmische-urkraft-fineartamerica.html\"><img loading=\"lazy\" decoding=\"async\" class=\"wp-image-810 size-medium\" src=\"https:\/\/www.zen-malerei.de\/wp-content\/uploads\/2020\/01\/cosmic-primal-force-zensho-kopp-214x300.jpg\" alt=\"Kunstkarte\" width=\"214\" height=\"300\" srcset=\"https:\/\/www.zen-malerei.de\/wp-content\/uploads\/2020\/01\/cosmic-primal-force-zensho-kopp-214x300.jpg 214w, https:\/\/www.zen-malerei.de\/wp-content\/uploads\/2020\/01\/cosmic-primal-force-zensho-kopp.jpg 500w\" sizes=\"auto, (max-width: 214px) 100vw, 214px\" \/><\/a><figcaption id=\"caption-attachment-810\" class=\"wp-caption-text\">Cosmic Primal Force<\/figcaption><\/figure>\n<p><a href=\"https:\/\/www.tao-chan.de\/webshop\/de\/kunstkarten\/104-kosmische-urkraft-fineartamerica.html\">Kunstkarte &#8222;Cosmic Primal Force&#8220; bestellen<\/a><\/p>","protected":false},"excerpt":{"rendered":"<p>Kunstkarten mit Gem\u00e4lden von Zen-Meister Zensho W. Kopp. Die Karten sind 12,7 x 17,8 cm gro\u00df und werden auf digitalen Offset-Druckern mit 100 lb.-Papiermaterial hergestellt. Jede Karte ist auf der Au\u00dfenseite mit einem UV-Schutz versehen, der ein seidenmattes Finish erzeugt. Das Innere jeder Karte ist mattwei\u00df und kann mit einer eigenen Nachricht mit bis zu &hellip; <a href=\"https:\/\/www.zen-malerei.de\/de\/kunstkarten\/\" class=\"more-link\"><span class=\"screen-reader-text\">Kunstkarten<\/span> weiterlesen<\/a><\/p>\n","protected":false},"author":1,"featured_media":0,"parent":0,"menu_order":0,"comment_status":"closed","ping_status":"closed","template":"","meta":{"footnotes":""},"class_list":["post-789","page","type-page","status-publish","hentry"],"_links":{"self":[{"href":"https:\/\/www.zen-malerei.de\/de\/wp-json\/wp\/v2\/pages\/789","targetHints":{"allow":["GET"]}}],"collection":[{"href":"https:\/\/www.zen-malerei.de\/de\/wp-json\/wp\/v2\/pages"}],"about":[{"href":"https:\/\/www.zen-malerei.de\/de\/wp-json\/wp\/v2\/types\/page"}],"author":[{"embeddable":true,"href":"https:\/\/www.zen-malerei.de\/de\/wp-json\/wp\/v2\/users\/1"}],"replies":[{"embeddable":true,"href":"https:\/\/www.zen-malerei.de\/de\/wp-json\/wp\/v2\/comments?post=789"}],"version-history":[{"count":5,"href":"https:\/\/www.zen-malerei.de\/de\/wp-json\/wp\/v2\/pages\/789\/revisions"}],"predecessor-version":[{"id":1688,"href":"https:\/\/www.zen-malerei.de\/de\/wp-json\/wp\/v2\/pages\/789\/revisions\/1688"}],"wp:attachment":[{"href":"https:\/\/www.zen-malerei.de\/de\/wp-json\/wp\/v2\/media?parent=789"}],"curies":[{"name":"wp","href":"https:\/\/api.w.org\/{rel}","templated":true}]}}