{"id":65,"date":"2016-01-08T14:21:07","date_gmt":"2016-01-08T13:21:07","guid":{"rendered":"http:\/\/neu.zen-malerei.de\/?page_id=65"},"modified":"2024-05-08T15:52:37","modified_gmt":"2024-05-08T13:52:37","slug":"impressum","status":"publish","type":"page","link":"https:\/\/www.zen-malerei.de\/de\/impressum\/","title":{"rendered":"Impressum"},"content":{"rendered":"<p>Das Layout der Homepage und die verwendeten Grafiken und Dateien sind urheberrechtlich gesch\u00fctzt. Die Seiten d\u00fcrfen nur zum privaten Gebrauch vervielf\u00e4ltigt, \u00c4nderungen nicht vorgenommen und Vervielf\u00e4ltigungen weder verbreitet noch zu \u00f6ffentlichen Weitergaben genutzt werden.<\/p>\n<p>Wir \u00fcbernehmen keine Haftung f\u00fcr Sch\u00e4den, die sich aus der Verwendung der abgerufenen Informationen ergeben. Dies gilt insbesondere auch f\u00fcr fremde Webseiten, die mit einem Hyperlink angew\u00e4hlt werden. F\u00fcr den Inhalt dieser Seiten sind wir nicht verantwortlich.<\/p>\n<p>Diese Website benutzt Google Analytics, einen Webanalysedienst der Google Inc. (Google) Google Analytics verwendet sog. Cookies, Textdateien, die auf Ihrem Computer gespeichert werden und die eine Analyse der Benutzung der Website durch Sie erm\u00f6glicht. Die durch den Cookie erzeugten Informationen \u00fcber Ihre Benutzung diese Website (einschlie\u00dflich Ihrer IP-Adresse) wird an einen Server von Google in den USA \u00fcbertragen und dort gespeichert. Google wird diese Informationen benutzen, um Ihre Nutzung der Website auszuwerten, um Reports \u00fcber die Websiteaktivit\u00e4ten f\u00fcr die Websitebetreiber zusammenzustellen und um weitere mit der Websitenutzung und der Internetnutzung verbundene Dienstleistungen zu erbringen. Auch wird Google diese Informationen gegebenenfalls an Dritte \u00fcbertragen, sofern dies gesetzlich vorgeschrieben oder soweit Dritte diese Daten im Auftrag von Google verarbeiten. Google wird in keinem Fall Ihre IP-Adresse mit anderen Daten der Google in Verbindung bringen. Sie k\u00f6nnen die Installation der Cookies durch eine entsprechende Einstellung Ihrer Browser Software verhindern; wir weisen Sie jedoch darauf hin, dass Sie in diesem Fall gegebenenfalls nicht s\u00e4mtliche Funktionen dieser Website voll umf\u00e4nglich nutzen k\u00f6nnen. Durch die Nutzung dieser Website erkl\u00e4ren Sie sich mit der Bearbeitung der \u00fcber Sie erhobenen Daten durch Google in der zuvor beschriebenen Art und Weise und zu dem zuvor benannten Zweck einverstanden.<\/p>\n<h3>Herausgeber<\/h3>\n<p>Tao Chan Zentrum e.V.<br \/>\nMarcobrunnerstra\u00dfe 18<br \/>\n<span class=\"postal-code\">D-65197\u00a0<\/span><span class=\"locality\">Wiesbaden<\/span><\/p>\n<p>Email: <a href=\"mailto:info@zen-malerei.de\">info@zen-malerei.de<\/a><br \/>\nTelefon +49 (0) 611- 940 62 31<br \/>\nFax +49 (0) 611- 940 62 32<\/p>\n<h3>Bildnachweise<\/h3>\n<div>Icons erstellt von <a title=\"Smashicons\" href=\"https:\/\/www.flaticon.com\/de\/autoren\/smashicons\">Smashicons<\/a> from <a title=\"Flaticon\" href=\"https:\/\/www.flaticon.com\/de\/\">www.flaticon.com<\/a><\/div>\n<p><\/p>","protected":false},"excerpt":{"rendered":"<p>Das Layout der Homepage und die verwendeten Grafiken und Dateien sind urheberrechtlich gesch\u00fctzt. Die Seiten d\u00fcrfen nur zum privaten Gebrauch vervielf\u00e4ltigt, \u00c4nderungen nicht vorgenommen und Vervielf\u00e4ltigungen weder verbreitet noch zu \u00f6ffentlichen Weitergaben genutzt werden. Wir \u00fcbernehmen keine Haftung f\u00fcr Sch\u00e4den, die sich aus der Verwendung der abgerufenen Informationen ergeben. Dies gilt insbesondere auch f\u00fcr fremde &hellip; <a href=\"https:\/\/www.zen-malerei.de\/de\/impressum\/\" class=\"more-link\"><span class=\"screen-reader-text\">Impressum<\/span> weiterlesen<\/a><\/p>\n","protected":false},"author":1,"featured_media":0,"parent":0,"menu_order":0,"comment_status":"closed","ping_status":"closed","template":"","meta":{"footnotes":""},"class_list":["post-65","page","type-page","status-publish","hentry"],"_links":{"self":[{"href":"https:\/\/www.zen-malerei.de\/de\/wp-json\/wp\/v2\/pages\/65","targetHints":{"allow":["GET"]}}],"collection":[{"href":"https:\/\/www.zen-malerei.de\/de\/wp-json\/wp\/v2\/pages"}],"about":[{"href":"https:\/\/www.zen-malerei.de\/de\/wp-json\/wp\/v2\/types\/page"}],"author":[{"embeddable":true,"href":"https:\/\/www.zen-malerei.de\/de\/wp-json\/wp\/v2\/users\/1"}],"replies":[{"embeddable":true,"href":"https:\/\/www.zen-malerei.de\/de\/wp-json\/wp\/v2\/comments?post=65"}],"version-history":[{"count":5,"href":"https:\/\/www.zen-malerei.de\/de\/wp-json\/wp\/v2\/pages\/65\/revisions"}],"predecessor-version":[{"id":1691,"href":"https:\/\/www.zen-malerei.de\/de\/wp-json\/wp\/v2\/pages\/65\/revisions\/1691"}],"wp:attachment":[{"href":"https:\/\/www.zen-malerei.de\/de\/wp-json\/wp\/v2\/media?parent=65"}],"curies":[{"name":"wp","href":"https:\/\/api.w.org\/{rel}","templated":true}]}}