{"id":49,"date":"2016-01-08T13:48:17","date_gmt":"2016-01-08T12:48:17","guid":{"rendered":"http:\/\/neu.zen-malerei.de\/?page_id=49"},"modified":"2024-03-12T16:51:21","modified_gmt":"2024-03-12T15:51:21","slug":"buch","status":"publish","type":"page","link":"https:\/\/www.zen-malerei.de\/de\/buch\/","title":{"rendered":"Kunstb\u00fccher von Zen-Meister Zensho"},"content":{"rendered":"<p><\/p>\n<h1>Modern ZEN-ART<\/h1>\n<h3>Gem\u00e4lde und Ausspr\u00fcche eines westlichen Zen-Meisters<\/h3>\n<p><a href=\"https:\/\/www.tao-chan.de\/webshop\/de\/englische-bucher\/126-modern-zen-art.html\"><img loading=\"lazy\" decoding=\"async\" class=\"alignright wp-image-621 size-medium\" src=\"https:\/\/www.zen-malerei.de\/wp-content\/uploads\/2019\/10\/modern-zen-art-zensho-kopp_670_675-298x300.jpg\" alt=\"Modern ZEN-ART\" width=\"298\" height=\"300\" srcset=\"https:\/\/www.zen-malerei.de\/wp-content\/uploads\/2019\/10\/modern-zen-art-zensho-kopp_670_675-298x300.jpg 298w, https:\/\/www.zen-malerei.de\/wp-content\/uploads\/2019\/10\/modern-zen-art-zensho-kopp_670_675-150x150.jpg 150w, https:\/\/www.zen-malerei.de\/wp-content\/uploads\/2019\/10\/modern-zen-art-zensho-kopp_670_675-500x503.jpg 500w, https:\/\/www.zen-malerei.de\/wp-content\/uploads\/2019\/10\/modern-zen-art-zensho-kopp_670_675.jpg 670w\" sizes=\"auto, (max-width: 298px) 100vw, 298px\" \/><\/a>Dieses au\u00dfergew\u00f6hnliche Buch enth\u00e4lt eine Sammlung von Aquarellen und inspirienden Ausspr\u00fcchen eines gro\u00dfen spirituellen Meisters unserer Zeit.<\/p>\n<p>Es ist ein kostbares Buch der meditativen Stille und geistigen Klarheit und zugleich ein spirituelles Buch ganz besonderer Art. Denn es bietet allen, die nach spiritueller Verwirklichung streben, einen neuen Zugang zu ihrem wahren Sein.<\/p>\n<p>Zen-Meister Zenshos Aquarelle sind wahre Wunderwerke k\u00fcnstlerischen Schaffens. Es sind Bilder von strahlender Leuchtkraft und gl\u00e4serne Durchblicke erlaubender Transparenz der Farbe. In ihrer geheimnisvollen mystischen Wirkung r\u00fchren sie uns in unserem Allerinnersten an und vermitteln uns eine Ahnung von der Wirklichkeit unseres wahren Seins.<\/p>\n<p>Versunken in die stille Betrachtung bildgewordener Dimensionen der Wirklichkeit, \u00f6ffnet sich uns hier eine neue, bisher ungeahnte M\u00f6glichkeit zur Selbstfindung. In jedem dieser wie Juwelen leuchtenden Bilder offenbart sich die Verwirklichung eines erleuchteten Bewusstseins.<\/p>\n<p>Sprache: Deutsch, Englisch, Spanisch<\/p>\n<p><strong><a href=\"https:\/\/www.zen-malerei.de\/verkaufsausstellung-modern-zen-art\/\">Originalgem\u00e4lde aus dem Buch zum Verkauf<\/a><\/strong><\/p>\n<p><a href=\"https:\/\/www.tao-chan.de\/webshop\/de\/englische-bucher\/126-modern-zen-art.html\">Das Buch Modern ZEN-ART bestellen<\/a><\/p>\n<p><iframe loading=\"lazy\" title=\"Zen-Meister Zensho W. Kopp: Modern ZEN-ART\" width=\"660\" height=\"371\" src=\"https:\/\/www.youtube.com\/embed\/gBD1noBf13U?feature=oembed\" frameborder=\"0\" allow=\"accelerometer; autoplay; clipboard-write; encrypted-media; gyroscope; picture-in-picture; web-share\" referrerpolicy=\"strict-origin-when-cross-origin\" allowfullscreen><\/iframe><\/p>\n<h1>Im Farbenrausch des G\u00f6ttlichen<\/h1>\n<h3>60 Gem\u00e4lde und Ausspr\u00fcche eines westlichen Zen-Meisters<\/h3>\n<p><a href=\"\/wp-content\/uploads\/2016\/01\/farbenrausch-1.jpg&quot;\" rel=\"attachment wp-att-112\"><img loading=\"lazy\" decoding=\"async\" class=\"alignright wp-image-115 size-full\" src=\"\/wp-content\/uploads\/2016\/01\/farbenrausch-1.jpg\" alt=\"Im Farbenrausch des G\u00f6ttlichen\" width=\"183\" height=\"192\" \/><\/a>Dieser einzigartige Bildband enth\u00e4lt Gem\u00e4lde und Aphorismen eines spirituellen Meisters, der in seinem Erwachen zur Wirklichkeit die allem zugrundeliegende Harmonie und Ganzheit des Seins erfahren hat.<\/p>\n<p>Es sind Bilder von strahlender Leuchtkraft, die uns in ihrer geheimnisvollen mystischen Wirkung in unserem Allerinnersten anr\u00fchren. Versunken in die stille Betrachtung dieser bildgewordenen Dimensionen der Wirklichkeit, in Verbindung mit den inspirierenden Aphorismen, er\u00f6ffnet sich hier ein neuer Zugang zur Selbstfindung.<\/p>\n<p>Ein kostbares Buch der meditativen Stille und geistigen Klarheit.<\/p>\n<p>Sprachen: Deutsch, Englisch, Spanisch, Franz\u00f6sich<\/p>\n<p><iframe loading=\"lazy\" title=\"Im Farbenrausch des G\u00f6ttlichen - Zen Malerei\" width=\"660\" height=\"371\" src=\"https:\/\/www.youtube.com\/embed\/2JkHnIJaGTY?feature=oembed\" frameborder=\"0\" allow=\"accelerometer; autoplay; clipboard-write; encrypted-media; gyroscope; picture-in-picture; web-share\" referrerpolicy=\"strict-origin-when-cross-origin\" allowfullscreen><\/iframe><\/p>\n<p><a href=\"https:\/\/www.tao-chan.de\/pdf\/leseprobe_im_farbenrausch_des_goettlichen.pdf\" target=\"_blank\" rel=\"noopener noreferrer\">Leseprobe aus dem Buch<\/a><\/p>\n<p><a href=\"https:\/\/www.tao-chan.de\/webshop\/de\/bucher\/98-im-farbenrausch-des-gottlichen.html\" target=\"_blank\" rel=\"noopener noreferrer\">Das Buch: Im Farbenrausch des G\u00f6ttlichen bestellen<\/a><\/p>","protected":false},"excerpt":{"rendered":"<p>Modern ZEN-ART Gem\u00e4lde und Ausspr\u00fcche eines westlichen Zen-Meisters Dieses au\u00dfergew\u00f6hnliche Buch enth\u00e4lt eine Sammlung von Aquarellen und inspirienden Ausspr\u00fcchen eines gro\u00dfen spirituellen Meisters unserer Zeit. Es ist ein kostbares Buch der meditativen Stille und geistigen Klarheit und zugleich ein spirituelles Buch ganz besonderer Art. Denn es bietet allen, die nach spiritueller Verwirklichung streben, einen neuen &hellip; <a href=\"https:\/\/www.zen-malerei.de\/de\/buch\/\" class=\"more-link\"><span class=\"screen-reader-text\">Kunstb\u00fccher von Zen-Meister Zensho<\/span> weiterlesen<\/a><\/p>\n","protected":false},"author":1,"featured_media":0,"parent":0,"menu_order":0,"comment_status":"closed","ping_status":"closed","template":"","meta":{"footnotes":""},"class_list":["post-49","page","type-page","status-publish","hentry"],"_links":{"self":[{"href":"https:\/\/www.zen-malerei.de\/de\/wp-json\/wp\/v2\/pages\/49","targetHints":{"allow":["GET"]}}],"collection":[{"href":"https:\/\/www.zen-malerei.de\/de\/wp-json\/wp\/v2\/pages"}],"about":[{"href":"https:\/\/www.zen-malerei.de\/de\/wp-json\/wp\/v2\/types\/page"}],"author":[{"embeddable":true,"href":"https:\/\/www.zen-malerei.de\/de\/wp-json\/wp\/v2\/users\/1"}],"replies":[{"embeddable":true,"href":"https:\/\/www.zen-malerei.de\/de\/wp-json\/wp\/v2\/comments?post=49"}],"version-history":[{"count":5,"href":"https:\/\/www.zen-malerei.de\/de\/wp-json\/wp\/v2\/pages\/49\/revisions"}],"predecessor-version":[{"id":1680,"href":"https:\/\/www.zen-malerei.de\/de\/wp-json\/wp\/v2\/pages\/49\/revisions\/1680"}],"wp:attachment":[{"href":"https:\/\/www.zen-malerei.de\/de\/wp-json\/wp\/v2\/media?parent=49"}],"curies":[{"name":"wp","href":"https:\/\/api.w.org\/{rel}","templated":true}]}}