{"id":46,"date":"2016-01-08T13:47:44","date_gmt":"2016-01-08T12:47:44","guid":{"rendered":"http:\/\/neu.zen-malerei.de\/?page_id=46"},"modified":"2026-01-04T19:42:48","modified_gmt":"2026-01-04T18:42:48","slug":"verkaufsausstellung","status":"publish","type":"page","link":"https:\/\/www.zen-malerei.de\/de\/verkaufsausstellung\/","title":{"rendered":"Verkaufsausstellung"},"content":{"rendered":"<p><\/p>\n<figure id=\"attachment_107\" aria-describedby=\"caption-attachment-107\" style=\"width: 150px\" class=\"wp-caption alignright\"><a href=\"\/ueber-den-kuenstler\/\" rel=\"attachment wp-att-107\"><img loading=\"lazy\" decoding=\"async\" class=\"wp-image-107 size-thumbnail\" src=\"\/wp-content\/uploads\/2016\/01\/150701-DSCF0225-150x150.jpg\" alt=\"Zen-Meister Zensho W. Kopp\" width=\"150\" height=\"150\" \/><\/a><figcaption id=\"caption-attachment-107\" class=\"wp-caption-text\"><a href=\"\/ueber-den-kuenstler\/\">\u00dcber den K\u00fcnstler<\/a><\/figcaption><\/figure>\n<p>Diese Originalgem\u00e4lde von Zensho W. Kopp sprechen uns in unserem innersten Wesen an.<br \/>\nSie sind Fenster zum G\u00f6ttlichen und verm\u00f6gen uns einen Zugang zum mystischen Erleben unseres wahren Selbst zu er\u00f6ffnen.<br \/>\nIn den Bildern von Zensho verbinden sich tiefstes spirituelles Empfinden mit h\u00f6chster k\u00fcnstlerischer Meisterschaft.<\/p>\n<ul class=\"buttons\">\n<li id=\"aquarelle\"><a style=\"text-align: center;\" href=\"https:\/\/www.zen-malerei.de\/verkaufsausstellung-abstrakte-malerei\/\">Abstrakte<br \/> Werke<\/a><\/li>\n<li><a style=\"text-align: center;\" href=\"https:\/\/www.zen-malerei.de\/buddhistische-werke\/\">Buddhistische<br \/>Werke<\/a><\/li>\n<li><a style=\"text-align: center;\" href=\"https:\/\/www.zen-malerei.de\/verkaufsausstellung-christliche-werke\/\">Christliche<br \/> Werke<\/a><\/li>\n<\/ul>\n<p><\/p>\n<p>Alle Bilder sind Unikate, von Zensho W. Kopp handgemalt und signiert, inklusive Echtheitszertifikat.<\/p>\n<p><img loading=\"lazy\" decoding=\"async\" class=\"alignnone wp-image-962 size-thumbnail\" src=\"https:\/\/www.zen-malerei.de\/wp-content\/uploads\/2021\/01\/zertifikat-150x150.png\" alt=\"Echtheitszertifikat\" width=\"150\" height=\"150\" srcset=\"https:\/\/www.zen-malerei.de\/wp-content\/uploads\/2021\/01\/zertifikat-150x150.png 150w, https:\/\/www.zen-malerei.de\/wp-content\/uploads\/2021\/01\/zertifikat-300x300.png 300w, https:\/\/www.zen-malerei.de\/wp-content\/uploads\/2021\/01\/zertifikat.png 512w, https:\/\/www.zen-malerei.de\/wp-content\/uploads\/2021\/01\/zertifikat-500x500.png 500w\" sizes=\"auto, (max-width: 150px) 100vw, 150px\" \/><\/p>\n<p>Versicherter und kostenfreier Versand deutschlandweit und international. Bei Interesse an einem Bild k\u00f6nnen Sie weitere Details erfragen unter:<\/p>\n<h4 style=\"margin-top:10px;\">Tel: +49 (0)160-7980 413<br \/>\nEmail: <a href=\"mailto:info@zen-malerei.de\">info@zen-malerei.de<\/a><\/h4>\n<p><\/p>","protected":false},"excerpt":{"rendered":"<p>Diese Originalgem\u00e4lde von Zensho W. Kopp sprechen uns in unserem innersten Wesen an. Sie sind Fenster zum G\u00f6ttlichen und verm\u00f6gen uns einen Zugang zum mystischen Erleben unseres wahren Selbst zu er\u00f6ffnen. In den Bildern von Zensho verbinden sich tiefstes spirituelles Empfinden mit h\u00f6chster k\u00fcnstlerischer Meisterschaft. Abstrakte Werke BuddhistischeWerke Christliche Werke Alle Bilder sind Unikate, von &hellip; <a href=\"https:\/\/www.zen-malerei.de\/de\/verkaufsausstellung\/\" class=\"more-link\"><span class=\"screen-reader-text\">Verkaufsausstellung<\/span> weiterlesen<\/a><\/p>\n","protected":false},"author":1,"featured_media":0,"parent":0,"menu_order":0,"comment_status":"closed","ping_status":"closed","template":"","meta":{"footnotes":""},"class_list":["post-46","page","type-page","status-publish","hentry"],"_links":{"self":[{"href":"https:\/\/www.zen-malerei.de\/de\/wp-json\/wp\/v2\/pages\/46","targetHints":{"allow":["GET"]}}],"collection":[{"href":"https:\/\/www.zen-malerei.de\/de\/wp-json\/wp\/v2\/pages"}],"about":[{"href":"https:\/\/www.zen-malerei.de\/de\/wp-json\/wp\/v2\/types\/page"}],"author":[{"embeddable":true,"href":"https:\/\/www.zen-malerei.de\/de\/wp-json\/wp\/v2\/users\/1"}],"replies":[{"embeddable":true,"href":"https:\/\/www.zen-malerei.de\/de\/wp-json\/wp\/v2\/comments?post=46"}],"version-history":[{"count":5,"href":"https:\/\/www.zen-malerei.de\/de\/wp-json\/wp\/v2\/pages\/46\/revisions"}],"predecessor-version":[{"id":1869,"href":"https:\/\/www.zen-malerei.de\/de\/wp-json\/wp\/v2\/pages\/46\/revisions\/1869"}],"wp:attachment":[{"href":"https:\/\/www.zen-malerei.de\/de\/wp-json\/wp\/v2\/media?parent=46"}],"curies":[{"name":"wp","href":"https:\/\/api.w.org\/{rel}","templated":true}]}}