{"id":106,"date":"2016-01-08T15:26:46","date_gmt":"2016-01-08T14:26:46","guid":{"rendered":"http:\/\/neu.zen-malerei.de\/?page_id=106"},"modified":"2026-01-11T13:18:19","modified_gmt":"2026-01-11T12:18:19","slug":"ueber-den-kuenstler","status":"publish","type":"page","link":"https:\/\/www.zen-malerei.de\/de\/ueber-den-kuenstler\/","title":{"rendered":"\u00dcber den K\u00fcnstler"},"content":{"rendered":"<p><b><a href=\"\/wp-content\/uploads\/2016\/01\/150701-DSCF0225.jpg\" rel=\"attachment wp-att-107\"><img loading=\"lazy\" decoding=\"async\" class=\"size-medium wp-image-107 alignleft\" src=\"\/wp-content\/uploads\/2016\/01\/150701-DSCF0225-232x300.jpg\" alt=\"Zen-Meister Zensho W. Kopp\" width=\"232\" height=\"300\" srcset=\"https:\/\/www.zen-malerei.de\/wp-content\/uploads\/2016\/01\/150701-DSCF0225-232x300.jpg 232w, https:\/\/www.zen-malerei.de\/wp-content\/uploads\/2016\/01\/150701-DSCF0225.jpg 243w\" sizes=\"auto, (max-width: 232px) 100vw, 232px\" \/><\/a>Zensho W. Kopp<\/b><\/p>\n<p>Zensho W. Kopp, geboren 1938, ist einer der bedeutendsten spirituellen Meister der Gegenwart und lehrt einen zeitgem\u00e4\u00dfen Weg der spirituellen Verwirklichung. Der international bekannte Zen-Meister ist Kunstmaler, Buchautor und leitet eine gro\u00dfe Gemeinschaft von Sch\u00fclern im <a href=\"https:\/\/www.tao-chan.de\/\">Zen-Zentrum Tao Chan<\/a> in Wiesbaden. Seine Malerei ist Ausdruck einer lebenslangen Meditationspraxis. Bereits seit jungen Jahren studierte Zensho die Lehren der christlichen Mystiker und verbindet diese mit den Aussagen der fern\u00f6stlichen Weisheitslehren. Seine geheimnisvolle Malerei ber\u00fchrt unmittelbar das Herz und spricht den Menschen durch ihre gro\u00dfe Sch\u00f6nheit und Leuchtkraft an und erweckt die geistige Intuition des Betrachters.<\/p>\n<p><a href=\"\/wp-content\/uploads\/2015\/12\/zensho_painting_small.jpg\" rel=\"attachment wp-att-44\"><img loading=\"lazy\" decoding=\"async\" class=\"size-full wp-image-44 alignright\" src=\"\/wp-content\/uploads\/2015\/12\/zensho_painting_small.jpg\" alt=\"Zen Master Zensho W. Kopp malt\" width=\"101\" height=\"150\" \/><\/a>Zensho W. Kopp studierte in den 1950er Jahren bei dem Maler Adam Wallauer, der stark durch den Expressionismus gepr\u00e4gt war. Durch Zenshos Interesse an der Lehre des Zen-Buddhismus kam er in Kontakt mit der chinesischen und japanischen Tuschemalerei, die ihn inspirierte und sein k\u00fcnstlerisches Verst\u00e4ndnis erweiterte. Seitdem f\u00fchrt er die k\u00fcnstlerischen Traditionen von West und Ost zusammen. Als junger Mann studierte Zensho W. Kopp Musik und wendet seither die musikalischen Gesetzm\u00e4\u00dfigkeiten der Komposition auch in seiner Bildgestaltung an.<br \/>\nDie Spontanit\u00e4t seines k\u00fcnstlerischen Schaffens ist das Ergebnis seiner spirituellen Verwirklichung. Beim Malen hat Zensho stets ein entspanntes Bewusstsein wie bei der Zen-Meditation. Sein Geist ist leer, hellklar konzentriert und frei von Gedanken und Vorstellungen. Durch diese geistige Klarheit sind seine Gem\u00e4lde subtil, frei und transparent mit einer gl\u00e4sernen Durchblicke erlaubenden Transparenz der Farben. Zenshos Gem\u00e4lde sprechen vor allem Menschen an, die sich f\u00fcr Spiritualit\u00e4t und christliche Mystik interessieren.<\/p>\n<p>Seine Bilder sind von strahlender Leuchtkraft, die uns in ihrer geheimnisvollen mystischen Wirkung in unserem Allerinnersten anr\u00fchren k\u00f6nnen.<\/p>\n<p>Mehr \u00fcber Zen-Meister Zensho W. Kopp erfahren Sie <a href=\"https:\/\/www.tao-chan.de\/\">hier<\/a>.<\/p>\n<p class=\"entry-title\"><a href=\"\/verkaufsausstellung\/\">Verkaufsausstellung<\/a><\/p>\n<p><\/p>","protected":false},"excerpt":{"rendered":"<p>Zensho W. Kopp Zensho W. Kopp, geboren 1938, ist einer der bedeutendsten spirituellen Meister der Gegenwart und lehrt einen zeitgem\u00e4\u00dfen Weg der spirituellen Verwirklichung. Der international bekannte Zen-Meister ist Kunstmaler, Buchautor und leitet eine gro\u00dfe Gemeinschaft von Sch\u00fclern im Zen-Zentrum Tao Chan in Wiesbaden. Seine Malerei ist Ausdruck einer lebenslangen Meditationspraxis. Bereits seit jungen Jahren &hellip; <a href=\"https:\/\/www.zen-malerei.de\/de\/ueber-den-kuenstler\/\" class=\"more-link\"><span class=\"screen-reader-text\">\u00dcber den K\u00fcnstler<\/span> weiterlesen<\/a><\/p>\n","protected":false},"author":1,"featured_media":0,"parent":0,"menu_order":0,"comment_status":"closed","ping_status":"closed","template":"","meta":{"footnotes":""},"class_list":["post-106","page","type-page","status-publish","hentry"],"_links":{"self":[{"href":"https:\/\/www.zen-malerei.de\/de\/wp-json\/wp\/v2\/pages\/106","targetHints":{"allow":["GET"]}}],"collection":[{"href":"https:\/\/www.zen-malerei.de\/de\/wp-json\/wp\/v2\/pages"}],"about":[{"href":"https:\/\/www.zen-malerei.de\/de\/wp-json\/wp\/v2\/types\/page"}],"author":[{"embeddable":true,"href":"https:\/\/www.zen-malerei.de\/de\/wp-json\/wp\/v2\/users\/1"}],"replies":[{"embeddable":true,"href":"https:\/\/www.zen-malerei.de\/de\/wp-json\/wp\/v2\/comments?post=106"}],"version-history":[{"count":5,"href":"https:\/\/www.zen-malerei.de\/de\/wp-json\/wp\/v2\/pages\/106\/revisions"}],"predecessor-version":[{"id":1871,"href":"https:\/\/www.zen-malerei.de\/de\/wp-json\/wp\/v2\/pages\/106\/revisions\/1871"}],"wp:attachment":[{"href":"https:\/\/www.zen-malerei.de\/de\/wp-json\/wp\/v2\/media?parent=106"}],"curies":[{"name":"wp","href":"https:\/\/api.w.org\/{rel}","templated":true}]}}